{"id":26,"date":"2007-03-20T15:47:04","date_gmt":"2007-03-20T19:47:04","guid":{"rendered":"http:\/\/www.idomichels.com.br\/wordpress\/?page_id=26"},"modified":"2019-01-15T21:55:07","modified_gmt":"2019-01-16T00:55:07","slug":"tese-de-doutorado","status":"publish","type":"page","link":"https:\/\/idomichels.com.br\/web\/tese-de-doutorado\/","title":{"rendered":"Tese de Doutorado"},"content":{"rendered":"<p><strong>Autor:<\/strong> Ido Luiz Michels<\/p>\n<p><strong>Institui\u00e7\u00e3o:<\/strong> Universidade de S\u00e3o Paulo (USP)<\/p>\n<p><strong>Tema:<\/strong> A bovinocultura de corte brasileira e o mercado externo: regi\u00f5es sanit\u00e1rias e a cadeia produtiva da carne bovina de Mato Grosso do Sul<\/p>\n<p><strong>Descri\u00e7\u00e3o:<\/strong> Tese de Doutorado elaborada junto ao Programa de P\u00f3s-Gradua\u00e7\u00e3o em Geografia &#8211; \u00c1rea de Concentra\u00e7\u00e3o: Geografia Humana, para obten\u00e7\u00e3o do T\u00edtulo de Doutor em Geografia.<\/p>\n<p><strong>Orientador:<\/strong> Prof. Dr. Wanderley Messias da Costa<\/p>\n<p><strong>Local e ano:<\/strong> S\u00e3o Paulo\/SP &#8211; 2000<\/p>\n<p><strong>Download:<\/strong> <a title=\"Link\" href=\"https:\/\/idomichels.com.br\/web\/wp-content\/uploads\/2007\/03\/tese-doutorado-ido.zip\" target=\"_blank\">Clique aqui<\/a><\/p>\n","protected":false},"excerpt":{"rendered":"<p>Autor: Ido Luiz Michels Institui\u00e7\u00e3o: Universidade de S\u00e3o Paulo (USP) Tema: A bovinocultura de corte brasileira e o mercado externo: regi\u00f5es sanit\u00e1rias e a cadeia produtiva da carne bovina de Mato Grosso do Sul Descri\u00e7\u00e3o: Tese de Doutorado elaborada junto ao Programa de P\u00f3s-Gradua\u00e7\u00e3o em Geografia &#8211; \u00c1rea de Concentra\u00e7\u00e3o: Geografia Humana, para obten\u00e7\u00e3o do&hellip;<\/p>\n","protected":false},"author":1,"featured_media":532,"parent":0,"menu_order":2,"comment_status":"closed","ping_status":"closed","template":"","meta":{"footnotes":""},"class_list":["post-26","page","type-page","status-publish","has-post-thumbnail","hentry"],"yoast_head":"<!-- This site is optimized with the Yoast SEO plugin v26.6 - https:\/\/yoast.com\/wordpress\/plugins\/seo\/ -->\n<title>Tese de Doutorado - Prof. Dr. Ido Michels<\/title>\n<meta name=\"robots\" content=\"index, follow, max-snippet:-1, max-image-preview:large, max-video-preview:-1\" \/>\n<link rel=\"canonical\" href=\"https:\/\/idomichels.com.br\/web\/tese-de-doutorado\/\" \/>\n<meta property=\"og:locale\" content=\"pt_BR\" \/>\n<meta property=\"og:type\" content=\"article\" \/>\n<meta property=\"og:title\" content=\"Tese de Doutorado - Prof. Dr. Ido Michels\" \/>\n<meta property=\"og:description\" content=\"Autor: Ido Luiz Michels Institui\u00e7\u00e3o: Universidade de S\u00e3o Paulo (USP) Tema: A bovinocultura de corte brasileira e o mercado externo: regi\u00f5es sanit\u00e1rias e a cadeia produtiva da carne bovina de Mato Grosso do Sul Descri\u00e7\u00e3o: Tese de Doutorado elaborada junto ao Programa de P\u00f3s-Gradua\u00e7\u00e3o em Geografia &#8211; \u00c1rea de Concentra\u00e7\u00e3o: Geografia Humana, para obten\u00e7\u00e3o do&hellip;\" \/>\n<meta property=\"og:url\" content=\"https:\/\/idomichels.com.br\/web\/tese-de-doutorado\/\" \/>\n<meta property=\"og:site_name\" content=\"Prof. Dr. Ido Michels\" \/>\n<meta property=\"article:publisher\" content=\"https:\/\/www.facebook.com\/idomichels\" \/>\n<meta property=\"article:modified_time\" content=\"2019-01-16T00:55:07+00:00\" \/>\n<meta property=\"og:image\" content=\"https:\/\/idomichels.com.br\/web\/wp-content\/uploads\/2019\/01\/ido-michels-02-900x520.jpg\" \/>\n\t<meta property=\"og:image:width\" content=\"900\" \/>\n\t<meta property=\"og:image:height\" content=\"520\" \/>\n\t<meta property=\"og:image:type\" content=\"image\/jpeg\" \/>\n<meta name=\"twitter:card\" content=\"summary_large_image\" \/>\n<script type=\"application\/ld+json\" class=\"yoast-schema-graph\">{\"@context\":\"https:\/\/schema.org\",\"@graph\":[{\"@type\":\"WebPage\",\"@id\":\"https:\/\/idomichels.com.br\/web\/tese-de-doutorado\/\",\"url\":\"https:\/\/idomichels.com.br\/web\/tese-de-doutorado\/\",\"name\":\"Tese de Doutorado - Prof. Dr. Ido Michels\",\"isPartOf\":{\"@id\":\"https:\/\/idomichels.com.br\/web\/#website\"},\"primaryImageOfPage\":{\"@id\":\"https:\/\/idomichels.com.br\/web\/tese-de-doutorado\/#primaryimage\"},\"image\":{\"@id\":\"https:\/\/idomichels.com.br\/web\/tese-de-doutorado\/#primaryimage\"},\"thumbnailUrl\":\"https:\/\/idomichels.com.br\/web\/wp-content\/uploads\/2019\/01\/ido-michels-02-900x520.jpg\",\"datePublished\":\"2007-03-20T19:47:04+00:00\",\"dateModified\":\"2019-01-16T00:55:07+00:00\",\"breadcrumb\":{\"@id\":\"https:\/\/idomichels.com.br\/web\/tese-de-doutorado\/#breadcrumb\"},\"inLanguage\":\"pt-BR\",\"potentialAction\":[{\"@type\":\"ReadAction\",\"target\":[\"https:\/\/idomichels.com.br\/web\/tese-de-doutorado\/\"]}]},{\"@type\":\"ImageObject\",\"inLanguage\":\"pt-BR\",\"@id\":\"https:\/\/idomichels.com.br\/web\/tese-de-doutorado\/#primaryimage\",\"url\":\"https:\/\/idomichels.com.br\/web\/wp-content\/uploads\/2019\/01\/ido-michels-02-900x520.jpg\",\"contentUrl\":\"https:\/\/idomichels.com.br\/web\/wp-content\/uploads\/2019\/01\/ido-michels-02-900x520.jpg\",\"width\":900,\"height\":520,\"caption\":\"Ido Michels\"},{\"@type\":\"BreadcrumbList\",\"@id\":\"https:\/\/idomichels.com.br\/web\/tese-de-doutorado\/#breadcrumb\",\"itemListElement\":[{\"@type\":\"ListItem\",\"position\":1,\"name\":\"In\u00edcio\",\"item\":\"https:\/\/idomichels.com.br\/web\/\"},{\"@type\":\"ListItem\",\"position\":2,\"name\":\"Tese de Doutorado\"}]},{\"@type\":\"WebSite\",\"@id\":\"https:\/\/idomichels.com.br\/web\/#website\",\"url\":\"https:\/\/idomichels.com.br\/web\/\",\"name\":\"Prof. Dr. Ido Michels\",\"description\":\"idomichels.com.br\",\"publisher\":{\"@id\":\"https:\/\/idomichels.com.br\/web\/#\/schema\/person\/49780cf41bccec4f59fac8b5474891a6\"},\"alternateName\":\"Prof. Ido\",\"potentialAction\":[{\"@type\":\"SearchAction\",\"target\":{\"@type\":\"EntryPoint\",\"urlTemplate\":\"https:\/\/idomichels.com.br\/web\/?s={search_term_string}\"},\"query-input\":{\"@type\":\"PropertyValueSpecification\",\"valueRequired\":true,\"valueName\":\"search_term_string\"}}],\"inLanguage\":\"pt-BR\"},{\"@type\":[\"Person\",\"Organization\"],\"@id\":\"https:\/\/idomichels.com.br\/web\/#\/schema\/person\/49780cf41bccec4f59fac8b5474891a6\",\"name\":\"Ido Michels\",\"image\":{\"@type\":\"ImageObject\",\"inLanguage\":\"pt-BR\",\"@id\":\"https:\/\/idomichels.com.br\/web\/#\/schema\/person\/image\/\",\"url\":\"https:\/\/idomichels.com.br\/web\/wp-content\/uploads\/2016\/10\/avatar-idomichels-2016-02.png\",\"contentUrl\":\"https:\/\/idomichels.com.br\/web\/wp-content\/uploads\/2016\/10\/avatar-idomichels-2016-02.png\",\"width\":220,\"height\":220,\"caption\":\"Ido Michels\"},\"logo\":{\"@id\":\"https:\/\/idomichels.com.br\/web\/#\/schema\/person\/image\/\"},\"sameAs\":[\"https:\/\/idomichels.com.br\",\"https:\/\/www.facebook.com\/idomichels\",\"https:\/\/www.instagram.com\/idomichels13\"]}]}<\/script>\n<!-- \/ Yoast SEO plugin. -->","yoast_head_json":{"title":"Tese de Doutorado - Prof. Dr. Ido Michels","robots":{"index":"index","follow":"follow","max-snippet":"max-snippet:-1","max-image-preview":"max-image-preview:large","max-video-preview":"max-video-preview:-1"},"canonical":"https:\/\/idomichels.com.br\/web\/tese-de-doutorado\/","og_locale":"pt_BR","og_type":"article","og_title":"Tese de Doutorado - Prof. Dr. Ido Michels","og_description":"Autor: Ido Luiz Michels Institui\u00e7\u00e3o: Universidade de S\u00e3o Paulo (USP) Tema: A bovinocultura de corte brasileira e o mercado externo: regi\u00f5es sanit\u00e1rias e a cadeia produtiva da carne bovina de Mato Grosso do Sul Descri\u00e7\u00e3o: Tese de Doutorado elaborada junto ao Programa de P\u00f3s-Gradua\u00e7\u00e3o em Geografia &#8211; \u00c1rea de Concentra\u00e7\u00e3o: Geografia Humana, para obten\u00e7\u00e3o do&hellip;","og_url":"https:\/\/idomichels.com.br\/web\/tese-de-doutorado\/","og_site_name":"Prof. Dr. Ido Michels","article_publisher":"https:\/\/www.facebook.com\/idomichels","article_modified_time":"2019-01-16T00:55:07+00:00","og_image":[{"width":900,"height":520,"url":"https:\/\/idomichels.com.br\/web\/wp-content\/uploads\/2019\/01\/ido-michels-02-900x520.jpg","type":"image\/jpeg"}],"twitter_card":"summary_large_image","schema":{"@context":"https:\/\/schema.org","@graph":[{"@type":"WebPage","@id":"https:\/\/idomichels.com.br\/web\/tese-de-doutorado\/","url":"https:\/\/idomichels.com.br\/web\/tese-de-doutorado\/","name":"Tese de Doutorado - Prof. Dr. Ido Michels","isPartOf":{"@id":"https:\/\/idomichels.com.br\/web\/#website"},"primaryImageOfPage":{"@id":"https:\/\/idomichels.com.br\/web\/tese-de-doutorado\/#primaryimage"},"image":{"@id":"https:\/\/idomichels.com.br\/web\/tese-de-doutorado\/#primaryimage"},"thumbnailUrl":"https:\/\/idomichels.com.br\/web\/wp-content\/uploads\/2019\/01\/ido-michels-02-900x520.jpg","datePublished":"2007-03-20T19:47:04+00:00","dateModified":"2019-01-16T00:55:07+00:00","breadcrumb":{"@id":"https:\/\/idomichels.com.br\/web\/tese-de-doutorado\/#breadcrumb"},"inLanguage":"pt-BR","potentialAction":[{"@type":"ReadAction","target":["https:\/\/idomichels.com.br\/web\/tese-de-doutorado\/"]}]},{"@type":"ImageObject","inLanguage":"pt-BR","@id":"https:\/\/idomichels.com.br\/web\/tese-de-doutorado\/#primaryimage","url":"https:\/\/idomichels.com.br\/web\/wp-content\/uploads\/2019\/01\/ido-michels-02-900x520.jpg","contentUrl":"https:\/\/idomichels.com.br\/web\/wp-content\/uploads\/2019\/01\/ido-michels-02-900x520.jpg","width":900,"height":520,"caption":"Ido Michels"},{"@type":"BreadcrumbList","@id":"https:\/\/idomichels.com.br\/web\/tese-de-doutorado\/#breadcrumb","itemListElement":[{"@type":"ListItem","position":1,"name":"In\u00edcio","item":"https:\/\/idomichels.com.br\/web\/"},{"@type":"ListItem","position":2,"name":"Tese de Doutorado"}]},{"@type":"WebSite","@id":"https:\/\/idomichels.com.br\/web\/#website","url":"https:\/\/idomichels.com.br\/web\/","name":"Prof. Dr. Ido Michels","description":"idomichels.com.br","publisher":{"@id":"https:\/\/idomichels.com.br\/web\/#\/schema\/person\/49780cf41bccec4f59fac8b5474891a6"},"alternateName":"Prof. Ido","potentialAction":[{"@type":"SearchAction","target":{"@type":"EntryPoint","urlTemplate":"https:\/\/idomichels.com.br\/web\/?s={search_term_string}"},"query-input":{"@type":"PropertyValueSpecification","valueRequired":true,"valueName":"search_term_string"}}],"inLanguage":"pt-BR"},{"@type":["Person","Organization"],"@id":"https:\/\/idomichels.com.br\/web\/#\/schema\/person\/49780cf41bccec4f59fac8b5474891a6","name":"Ido Michels","image":{"@type":"ImageObject","inLanguage":"pt-BR","@id":"https:\/\/idomichels.com.br\/web\/#\/schema\/person\/image\/","url":"https:\/\/idomichels.com.br\/web\/wp-content\/uploads\/2016\/10\/avatar-idomichels-2016-02.png","contentUrl":"https:\/\/idomichels.com.br\/web\/wp-content\/uploads\/2016\/10\/avatar-idomichels-2016-02.png","width":220,"height":220,"caption":"Ido Michels"},"logo":{"@id":"https:\/\/idomichels.com.br\/web\/#\/schema\/person\/image\/"},"sameAs":["https:\/\/idomichels.com.br","https:\/\/www.facebook.com\/idomichels","https:\/\/www.instagram.com\/idomichels13"]}]}},"_links":{"self":[{"href":"https:\/\/idomichels.com.br\/web\/wp-json\/wp\/v2\/pages\/26","targetHints":{"allow":["GET"]}}],"collection":[{"href":"https:\/\/idomichels.com.br\/web\/wp-json\/wp\/v2\/pages"}],"about":[{"href":"https:\/\/idomichels.com.br\/web\/wp-json\/wp\/v2\/types\/page"}],"author":[{"embeddable":true,"href":"https:\/\/idomichels.com.br\/web\/wp-json\/wp\/v2\/users\/1"}],"replies":[{"embeddable":true,"href":"https:\/\/idomichels.com.br\/web\/wp-json\/wp\/v2\/comments?post=26"}],"version-history":[{"count":3,"href":"https:\/\/idomichels.com.br\/web\/wp-json\/wp\/v2\/pages\/26\/revisions"}],"predecessor-version":[{"id":524,"href":"https:\/\/idomichels.com.br\/web\/wp-json\/wp\/v2\/pages\/26\/revisions\/524"}],"wp:featuredmedia":[{"embeddable":true,"href":"https:\/\/idomichels.com.br\/web\/wp-json\/wp\/v2\/media\/532"}],"wp:attachment":[{"href":"https:\/\/idomichels.com.br\/web\/wp-json\/wp\/v2\/media?parent=26"}],"curies":[{"name":"wp","href":"https:\/\/api.w.org\/{rel}","templated":true}]}}