{"id":25,"date":"2007-03-20T14:50:06","date_gmt":"2007-03-20T18:50:06","guid":{"rendered":"http:\/\/www.idomichels.com.br\/wordpress\/?page_id=25"},"modified":"2019-01-15T21:54:53","modified_gmt":"2019-01-16T00:54:53","slug":"perfil","status":"publish","type":"page","link":"https:\/\/idomichels.com.br\/web\/","title":{"rendered":"Perfil"},"content":{"rendered":"<p>Natural de Armaz\u00e9m (SC), Ido Luiz Michels nasceu em 6 de janeiro de 1962. Fez gradua\u00e7\u00e3o (bacharelado) em Ci\u00eancias Econ\u00f4micas pela Universidade Federal de Santa Catarina &#8211; UFSC (1990). Em 1993, alcan\u00e7ou o t\u00edtulo de Mestre em Economia Regional pela Universidade Federal da Para\u00edba &#8211; UFPB (Campus Campina Grande) com uma disserta\u00e7\u00e3o que foi convertida no livro &#8220;Cr\u00edtica ao modelo catarinense de desenvolvimento: do planejamento econ\u00f4mico &#8211; 1956 &#8211; aos precat\u00f3rios &#8211; 1997\u201d (Editora UFMS).<\/p>\n<p>Em 2001, defendeu a tese &#8220;A bovinocultura de corte brasileira e o mercado externo: regi\u00f5es sanit\u00e1rias e a cadeia produtiva da carne bovina de Mato Grosso do Sul&#8221;, obtendo o t\u00edtulo de Doutor em Geografia Humana pela Universidade de S\u00e3o Paulo &#8211; USP. No mesmo ano, foi co-autor do livro &#8220;Cadeia produtiva da carne bovina de Mato Grosso do Sul&#8221; (Editora Oeste). Em 2007, concluiu seu P\u00f3s-Doutorado, tamb\u00e9m pela USP.<\/p>\n<p>Foi professor da Universidade para o Desenvolvimento do Estado e da Regi\u00e3o do Pantanal (Uniderp), diretor comercial do Centro Universit\u00e1rio de Campo Grande (Unaes), comentarista econ\u00f4mico da TV Morena (afiliada Rede Globo em Mato Grosso do Sul) e apresentador dos programas de entrevista Economia &#038; Sociedade (TVU-UFMS) e Sociedade em Foco (TV Pantanal-Uniderp).<\/p>\n<p>\u00c9 professor titular do Curso de Ci\u00eancias Econ\u00f4micas da Escola de Administra\u00e7\u00e3o e Neg\u00f3cios (Esan), da Universidade Federal de Mato Grosso do Sul &#8211; UFMS e professor volunt\u00e1rio do Curso de Gest\u00e3o de Agroneg\u00f3cios da Universidade de Brasilia &#8211; UnB. Atualmente est\u00e1 cedido \u00e0 C\u00e2mara Federal como assessor parlamentar e chefe de gabinete no mandato do deputado federal Vander Loubet (PT-MS).<\/p>\n<p>Tem experi\u00eancia na \u00e1rea de Economia, com \u00eanfase em Economia Rural e Regional, atuando principalmente nos seguintes temas: Administra\u00e7\u00e3o Rural, Cadeias Produtivas, Economia Rural, Economia Regional, Planejamento Econ\u00f4mico e Desenvolvimento Sustent\u00e1vel Rural. \u00c9 autor de artigos e livros sobre cadeias produtivas do Brasil. Assessora o deputado federal Vander Loubet na Comiss\u00e3o de Minas e Energia &#8211; CME da C\u00e2mara Federal e na Comiss\u00e3o Mista de Planos, Or\u00e7amentos P\u00fablicos e Fiscaliza\u00e7\u00e3o &#8211; CMO do Congresso Nacional.<\/p>\n<p>Visualize <a title=\"Link\" href=\"http:\/\/lattes.cnpq.br\/0793045267431290\" target=\"_blank\" rel=\"noopener\">aqui<\/a> o curr\u00ed\u00adculo de Ido Michels na Plataforma Lattes do CNPq.<\/p>\n","protected":false},"excerpt":{"rendered":"<p>Natural de Armaz\u00e9m (SC), Ido Luiz Michels nasceu em 6 de janeiro de 1962. Fez gradua\u00e7\u00e3o (bacharelado) em Ci\u00eancias Econ\u00f4micas pela Universidade Federal de Santa Catarina &#8211; UFSC (1990). Em 1993, alcan\u00e7ou o t\u00edtulo de Mestre em Economia Regional pela Universidade Federal da Para\u00edba &#8211; UFPB (Campus Campina Grande) com uma disserta\u00e7\u00e3o que foi convertida&hellip;<\/p>\n","protected":false},"author":1,"featured_media":531,"parent":0,"menu_order":1,"comment_status":"closed","ping_status":"closed","template":"","meta":{"footnotes":""},"class_list":["post-25","page","type-page","status-publish","has-post-thumbnail","hentry"],"yoast_head":"<!-- This site is optimized with the Yoast SEO plugin v26.6 - https:\/\/yoast.com\/wordpress\/plugins\/seo\/ -->\n<title>Perfil - Prof. Dr. Ido Michels<\/title>\n<meta name=\"robots\" content=\"index, follow, max-snippet:-1, max-image-preview:large, max-video-preview:-1\" \/>\n<link rel=\"canonical\" href=\"https:\/\/idomichels.com.br\/web\/\" \/>\n<meta property=\"og:locale\" content=\"pt_BR\" \/>\n<meta property=\"og:type\" content=\"article\" \/>\n<meta property=\"og:title\" content=\"Perfil - Prof. Dr. Ido Michels\" \/>\n<meta property=\"og:description\" content=\"Natural de Armaz\u00e9m (SC), Ido Luiz Michels nasceu em 6 de janeiro de 1962. Fez gradua\u00e7\u00e3o (bacharelado) em Ci\u00eancias Econ\u00f4micas pela Universidade Federal de Santa Catarina &#8211; UFSC (1990). Em 1993, alcan\u00e7ou o t\u00edtulo de Mestre em Economia Regional pela Universidade Federal da Para\u00edba &#8211; UFPB (Campus Campina Grande) com uma disserta\u00e7\u00e3o que foi convertida&hellip;\" \/>\n<meta property=\"og:url\" content=\"https:\/\/idomichels.com.br\/web\/\" \/>\n<meta property=\"og:site_name\" content=\"Prof. Dr. Ido Michels\" \/>\n<meta property=\"article:publisher\" content=\"https:\/\/www.facebook.com\/idomichels\" \/>\n<meta property=\"article:modified_time\" content=\"2019-01-16T00:54:53+00:00\" \/>\n<meta property=\"og:image\" content=\"https:\/\/idomichels.com.br\/web\/wp-content\/uploads\/2019\/01\/ido-michels-01-900x520.jpg\" \/>\n\t<meta property=\"og:image:width\" content=\"900\" \/>\n\t<meta property=\"og:image:height\" content=\"520\" \/>\n\t<meta property=\"og:image:type\" content=\"image\/jpeg\" \/>\n<meta name=\"twitter:card\" content=\"summary_large_image\" \/>\n<meta name=\"twitter:label1\" content=\"Est. tempo de leitura\" \/>\n\t<meta name=\"twitter:data1\" content=\"2 minutos\" \/>\n<script type=\"application\/ld+json\" class=\"yoast-schema-graph\">{\"@context\":\"https:\/\/schema.org\",\"@graph\":[{\"@type\":\"WebPage\",\"@id\":\"https:\/\/idomichels.com.br\/web\/\",\"url\":\"https:\/\/idomichels.com.br\/web\/\",\"name\":\"Perfil - Prof. Dr. Ido Michels\",\"isPartOf\":{\"@id\":\"https:\/\/idomichels.com.br\/web\/#website\"},\"primaryImageOfPage\":{\"@id\":\"https:\/\/idomichels.com.br\/web\/#primaryimage\"},\"image\":{\"@id\":\"https:\/\/idomichels.com.br\/web\/#primaryimage\"},\"thumbnailUrl\":\"https:\/\/idomichels.com.br\/web\/wp-content\/uploads\/2019\/01\/ido-michels-01-900x520.jpg\",\"datePublished\":\"2007-03-20T18:50:06+00:00\",\"dateModified\":\"2019-01-16T00:54:53+00:00\",\"breadcrumb\":{\"@id\":\"https:\/\/idomichels.com.br\/web\/#breadcrumb\"},\"inLanguage\":\"pt-BR\",\"potentialAction\":[{\"@type\":\"ReadAction\",\"target\":[\"https:\/\/idomichels.com.br\/web\/\"]}]},{\"@type\":\"ImageObject\",\"inLanguage\":\"pt-BR\",\"@id\":\"https:\/\/idomichels.com.br\/web\/#primaryimage\",\"url\":\"https:\/\/idomichels.com.br\/web\/wp-content\/uploads\/2019\/01\/ido-michels-01-900x520.jpg\",\"contentUrl\":\"https:\/\/idomichels.com.br\/web\/wp-content\/uploads\/2019\/01\/ido-michels-01-900x520.jpg\",\"width\":900,\"height\":520,\"caption\":\"Ido Michels\"},{\"@type\":\"BreadcrumbList\",\"@id\":\"https:\/\/idomichels.com.br\/web\/#breadcrumb\",\"itemListElement\":[{\"@type\":\"ListItem\",\"position\":1,\"name\":\"In\u00edcio\",\"item\":\"https:\/\/idomichels.com.br\/web\/\"},{\"@type\":\"ListItem\",\"position\":2,\"name\":\"Perfil\"}]},{\"@type\":\"WebSite\",\"@id\":\"https:\/\/idomichels.com.br\/web\/#website\",\"url\":\"https:\/\/idomichels.com.br\/web\/\",\"name\":\"Prof. Dr. Ido Michels\",\"description\":\"idomichels.com.br\",\"publisher\":{\"@id\":\"https:\/\/idomichels.com.br\/web\/#\/schema\/person\/49780cf41bccec4f59fac8b5474891a6\"},\"alternateName\":\"Prof. Ido\",\"potentialAction\":[{\"@type\":\"SearchAction\",\"target\":{\"@type\":\"EntryPoint\",\"urlTemplate\":\"https:\/\/idomichels.com.br\/web\/?s={search_term_string}\"},\"query-input\":{\"@type\":\"PropertyValueSpecification\",\"valueRequired\":true,\"valueName\":\"search_term_string\"}}],\"inLanguage\":\"pt-BR\"},{\"@type\":[\"Person\",\"Organization\"],\"@id\":\"https:\/\/idomichels.com.br\/web\/#\/schema\/person\/49780cf41bccec4f59fac8b5474891a6\",\"name\":\"Ido Michels\",\"image\":{\"@type\":\"ImageObject\",\"inLanguage\":\"pt-BR\",\"@id\":\"https:\/\/idomichels.com.br\/web\/#\/schema\/person\/image\/\",\"url\":\"https:\/\/idomichels.com.br\/web\/wp-content\/uploads\/2016\/10\/avatar-idomichels-2016-02.png\",\"contentUrl\":\"https:\/\/idomichels.com.br\/web\/wp-content\/uploads\/2016\/10\/avatar-idomichels-2016-02.png\",\"width\":220,\"height\":220,\"caption\":\"Ido Michels\"},\"logo\":{\"@id\":\"https:\/\/idomichels.com.br\/web\/#\/schema\/person\/image\/\"},\"sameAs\":[\"https:\/\/idomichels.com.br\",\"https:\/\/www.facebook.com\/idomichels\",\"https:\/\/www.instagram.com\/idomichels13\"]}]}<\/script>\n<!-- \/ Yoast SEO plugin. -->","yoast_head_json":{"title":"Perfil - Prof. Dr. Ido Michels","robots":{"index":"index","follow":"follow","max-snippet":"max-snippet:-1","max-image-preview":"max-image-preview:large","max-video-preview":"max-video-preview:-1"},"canonical":"https:\/\/idomichels.com.br\/web\/","og_locale":"pt_BR","og_type":"article","og_title":"Perfil - Prof. Dr. Ido Michels","og_description":"Natural de Armaz\u00e9m (SC), Ido Luiz Michels nasceu em 6 de janeiro de 1962. Fez gradua\u00e7\u00e3o (bacharelado) em Ci\u00eancias Econ\u00f4micas pela Universidade Federal de Santa Catarina &#8211; UFSC (1990). Em 1993, alcan\u00e7ou o t\u00edtulo de Mestre em Economia Regional pela Universidade Federal da Para\u00edba &#8211; UFPB (Campus Campina Grande) com uma disserta\u00e7\u00e3o que foi convertida&hellip;","og_url":"https:\/\/idomichels.com.br\/web\/","og_site_name":"Prof. Dr. Ido Michels","article_publisher":"https:\/\/www.facebook.com\/idomichels","article_modified_time":"2019-01-16T00:54:53+00:00","og_image":[{"width":900,"height":520,"url":"https:\/\/idomichels.com.br\/web\/wp-content\/uploads\/2019\/01\/ido-michels-01-900x520.jpg","type":"image\/jpeg"}],"twitter_card":"summary_large_image","twitter_misc":{"Est. tempo de leitura":"2 minutos"},"schema":{"@context":"https:\/\/schema.org","@graph":[{"@type":"WebPage","@id":"https:\/\/idomichels.com.br\/web\/","url":"https:\/\/idomichels.com.br\/web\/","name":"Perfil - Prof. Dr. Ido Michels","isPartOf":{"@id":"https:\/\/idomichels.com.br\/web\/#website"},"primaryImageOfPage":{"@id":"https:\/\/idomichels.com.br\/web\/#primaryimage"},"image":{"@id":"https:\/\/idomichels.com.br\/web\/#primaryimage"},"thumbnailUrl":"https:\/\/idomichels.com.br\/web\/wp-content\/uploads\/2019\/01\/ido-michels-01-900x520.jpg","datePublished":"2007-03-20T18:50:06+00:00","dateModified":"2019-01-16T00:54:53+00:00","breadcrumb":{"@id":"https:\/\/idomichels.com.br\/web\/#breadcrumb"},"inLanguage":"pt-BR","potentialAction":[{"@type":"ReadAction","target":["https:\/\/idomichels.com.br\/web\/"]}]},{"@type":"ImageObject","inLanguage":"pt-BR","@id":"https:\/\/idomichels.com.br\/web\/#primaryimage","url":"https:\/\/idomichels.com.br\/web\/wp-content\/uploads\/2019\/01\/ido-michels-01-900x520.jpg","contentUrl":"https:\/\/idomichels.com.br\/web\/wp-content\/uploads\/2019\/01\/ido-michels-01-900x520.jpg","width":900,"height":520,"caption":"Ido Michels"},{"@type":"BreadcrumbList","@id":"https:\/\/idomichels.com.br\/web\/#breadcrumb","itemListElement":[{"@type":"ListItem","position":1,"name":"In\u00edcio","item":"https:\/\/idomichels.com.br\/web\/"},{"@type":"ListItem","position":2,"name":"Perfil"}]},{"@type":"WebSite","@id":"https:\/\/idomichels.com.br\/web\/#website","url":"https:\/\/idomichels.com.br\/web\/","name":"Prof. Dr. Ido Michels","description":"idomichels.com.br","publisher":{"@id":"https:\/\/idomichels.com.br\/web\/#\/schema\/person\/49780cf41bccec4f59fac8b5474891a6"},"alternateName":"Prof. Ido","potentialAction":[{"@type":"SearchAction","target":{"@type":"EntryPoint","urlTemplate":"https:\/\/idomichels.com.br\/web\/?s={search_term_string}"},"query-input":{"@type":"PropertyValueSpecification","valueRequired":true,"valueName":"search_term_string"}}],"inLanguage":"pt-BR"},{"@type":["Person","Organization"],"@id":"https:\/\/idomichels.com.br\/web\/#\/schema\/person\/49780cf41bccec4f59fac8b5474891a6","name":"Ido Michels","image":{"@type":"ImageObject","inLanguage":"pt-BR","@id":"https:\/\/idomichels.com.br\/web\/#\/schema\/person\/image\/","url":"https:\/\/idomichels.com.br\/web\/wp-content\/uploads\/2016\/10\/avatar-idomichels-2016-02.png","contentUrl":"https:\/\/idomichels.com.br\/web\/wp-content\/uploads\/2016\/10\/avatar-idomichels-2016-02.png","width":220,"height":220,"caption":"Ido Michels"},"logo":{"@id":"https:\/\/idomichels.com.br\/web\/#\/schema\/person\/image\/"},"sameAs":["https:\/\/idomichels.com.br","https:\/\/www.facebook.com\/idomichels","https:\/\/www.instagram.com\/idomichels13"]}]}},"_links":{"self":[{"href":"https:\/\/idomichels.com.br\/web\/wp-json\/wp\/v2\/pages\/25","targetHints":{"allow":["GET"]}}],"collection":[{"href":"https:\/\/idomichels.com.br\/web\/wp-json\/wp\/v2\/pages"}],"about":[{"href":"https:\/\/idomichels.com.br\/web\/wp-json\/wp\/v2\/types\/page"}],"author":[{"embeddable":true,"href":"https:\/\/idomichels.com.br\/web\/wp-json\/wp\/v2\/users\/1"}],"replies":[{"embeddable":true,"href":"https:\/\/idomichels.com.br\/web\/wp-json\/wp\/v2\/comments?post=25"}],"version-history":[{"count":6,"href":"https:\/\/idomichels.com.br\/web\/wp-json\/wp\/v2\/pages\/25\/revisions"}],"predecessor-version":[{"id":526,"href":"https:\/\/idomichels.com.br\/web\/wp-json\/wp\/v2\/pages\/25\/revisions\/526"}],"wp:featuredmedia":[{"embeddable":true,"href":"https:\/\/idomichels.com.br\/web\/wp-json\/wp\/v2\/media\/531"}],"wp:attachment":[{"href":"https:\/\/idomichels.com.br\/web\/wp-json\/wp\/v2\/media?parent=25"}],"curies":[{"name":"wp","href":"https:\/\/api.w.org\/{rel}","templated":true}]}}